{"id":10772,"date":"2021-08-25T07:26:28","date_gmt":"2021-08-25T04:26:28","guid":{"rendered":"https:\/\/www.dremelengincakiroglu.com\/hakkimda\/"},"modified":"2024-05-24T18:20:07","modified_gmt":"2024-05-24T15:20:07","slug":"about-me","status":"publish","type":"page","link":"https:\/\/www.dremelengincakiroglu.com\/en\/about-me\/","title":{"rendered":"About me"},"content":{"rendered":"<div class=\"wpb-content-wrapper\"><p>[vc_row css=&#8221;.vc_custom_1629877038080{margin-bottom: 40px !important;}&#8221; mobile_bg_img_hidden=&#8221;no&#8221; tablet_bg_img_hidden=&#8221;no&#8221; woodmart_parallax=&#8221;0&#8243; woodmart_gradient_switch=&#8221;no&#8221; row_reverse_mobile=&#8221;1&#8243; row_reverse_tablet=&#8221;1&#8243; woodmart_disable_overflow=&#8221;0&#8243; wd_z_index=&#8221;no&#8221; woodmart_css_id=&#8221;6125f32826e3d&#8221; responsive_spacing=&#8221;eyJwYXJhbV90eXBlIjoid29vZG1hcnRfcmVzcG9uc2l2ZV9zcGFjaW5nIiwic2VsZWN0b3JfaWQiOiI2MTI1ZjMyODI2ZTNkIiwic2hvcnRjb2RlIjoidmNfcm93IiwiZGF0YSI6eyJ0YWJsZXQiOnt9LCJtb2JpbGUiOnsibWFyZ2luLWJvdHRvbSI6IjIwIn19fQ==&#8221;][vc_column css=&#8221;.vc_custom_1629877010833{margin-bottom: 40px !important;padding-top: 0px !important;}&#8221; mobile_bg_img_hidden=&#8221;no&#8221; tablet_bg_img_hidden=&#8221;no&#8221; woodmart_parallax=&#8221;0&#8243; woodmart_sticky_column=&#8221;false&#8221; parallax_scroll=&#8221;no&#8221; mobile_reset_margin=&#8221;no&#8221; tablet_reset_margin=&#8221;no&#8221; offset=&#8221;vc_col-lg-6 vc_col-md-6&#8243; wd_z_index=&#8221;no&#8221; woodmart_css_id=&#8221;6125f30edad72&#8243; responsive_spacing=&#8221;eyJwYXJhbV90eXBlIjoid29vZG1hcnRfcmVzcG9uc2l2ZV9zcGFjaW5nIiwic2VsZWN0b3JfaWQiOiI2MTI1ZjMwZWRhZDcyIiwic2hvcnRjb2RlIjoidmNfY29sdW1uIiwiZGF0YSI6eyJ0YWJsZXQiOnt9LCJtb2JpbGUiOnt9fX0=&#8221;]\t\t\t<link rel=\"stylesheet\" id=\"wd-section-title-css\" href=\"https:\/\/www.dremelengincakiroglu.com\/wp-content\/themes\/woodmart\/css\/parts\/el-section-title.min.css?ver=7.5.1\" type=\"text\/css\" media=\"all\" \/> \t\t\t\t\t\t<link rel=\"stylesheet\" id=\"wd-mod-highlighted-text-css\" href=\"https:\/\/www.dremelengincakiroglu.com\/wp-content\/themes\/woodmart\/css\/parts\/mod-highlighted-text.min.css?ver=7.5.1\" type=\"text\/css\" media=\"all\" \/> \t\t\t\n\t\t<div id=\"wd-6650af9dd483e\" class=\"title-wrapper wd-wpb set-mb-s reset-last-child  wd-rs-6650af9dd483e wd-title-color-primary wd-title-style-default text-left vc_custom_1716563878649 wd-underline-colored\">\n\t\t\t\t\t\t\t<div class=\"title-subtitle  subtitle-color-primary font-default subtitle-style-default wd-font-weight-600 wd-fontsize-xs\">Dr. Emel ENG\u0130N \u00c7AKIRO\u011eLU<\/div>\n\t\t\t\n\t\t\t<div class=\"liner-continer\">\n\t\t\t\t<h4 class=\"woodmart-title-container title  wd-font-weight- wd-fontsize-xl\" >Orthodontic Specialist DDS, PhD<\/h4>\n\t\t\t\t\t\t\t<\/div>\n\t\t\t\n\t\t\t\n\t\t\t\n\t\t<\/div>\n\t\t\n\t\t\t\t\t<link rel=\"stylesheet\" id=\"wd-text-block-css\" href=\"https:\/\/www.dremelengincakiroglu.com\/wp-content\/themes\/woodmart\/css\/parts\/el-text-block.min.css?ver=7.5.1\" type=\"text\/css\" media=\"all\" \/> \t\t\t\t\t<div id=\"wd-6650aff20282d\" class=\"wd-text-block wd-wpb reset-last-child wd-rs-6650aff20282d text-left wd-fontsize-custom vc_custom_1716563974067\">\n\t\t\t<p>Dr. Emel Engin \u00c7ak\u0131ro\u011flu is a highly qualified orthodontist with a distinguished academic background and extensive experience.<\/p>\n<p>Education and Training:<\/p>\n<p>Dr. \u00c7ak\u0131ro\u011flu graduated with honors from \u00c7ukurova University Faculty of Dentistry in 2009.<br \/>\nIn the same year, she was accepted into the prestigious specialist and doctoral program in Orthodontics at \u00c7ukurova University Faculty of Dentistry.<br \/>\nThroughout her doctoral studies, she actively participated in various national and international conferences and presentations.<br \/>\nShe earned her PhD in Orthodontics in 2014, receiving the title of &#8220;Orthodontist Specialist.&#8221;<br \/>\nFollowing her PhD, Dr. \u00c7ak\u0131ro\u011flu gained valuable clinical experience as a specialist doctor at \u00c7ukurova University&#8217;s Department of Orthodontics.<\/p>\n\t\t<\/div>\n\t\t[\/vc_column][vc_column css=&#8221;.vc_custom_1629877027060{margin-bottom: 40px !important;padding-top: 40px !important;}&#8221; mobile_bg_img_hidden=&#8221;no&#8221; tablet_bg_img_hidden=&#8221;no&#8221; woodmart_parallax=&#8221;0&#8243; woodmart_sticky_column=&#8221;false&#8221; parallax_scroll=&#8221;no&#8221; mobile_reset_margin=&#8221;no&#8221; tablet_reset_margin=&#8221;no&#8221; offset=&#8221;vc_col-lg-offset-1 vc_col-lg-5 vc_col-md-6 vc_col-xs-12&#8243; wd_z_index=&#8221;no&#8221; woodmart_css_id=&#8221;6125f320eb687&#8243; responsive_spacing=&#8221;eyJwYXJhbV90eXBlIjoid29vZG1hcnRfcmVzcG9uc2l2ZV9zcGFjaW5nIiwic2VsZWN0b3JfaWQiOiI2MTI1ZjMyMGViNjg3Iiwic2hvcnRjb2RlIjoidmNfY29sdW1uIiwiZGF0YSI6eyJ0YWJsZXQiOnt9LCJtb2JpbGUiOnsicGFkZGluZy10b3AiOiIwIn19fQ==&#8221;]\t\t<div id=\"wd-6641f161d07cc\" class=\"wd-image wd-wpb wd-rs-6641f161d07cc text-left vc_custom_1715597674967\">\n\t\t\t\n\t\t\t<img loading=\"lazy\" decoding=\"async\" width=\"580\" height=\"500\" src=\"https:\/\/www.dremelengincakiroglu.com\/wp-content\/uploads\/2024\/05\/anasayfa-hakkimizda-sag.jpg\" class=\"attachment-full size-full\" alt=\"\" srcset=\"https:\/\/www.dremelengincakiroglu.com\/wp-content\/uploads\/2024\/05\/anasayfa-hakkimizda-sag.jpg 580w, https:\/\/www.dremelengincakiroglu.com\/wp-content\/uploads\/2024\/05\/anasayfa-hakkimizda-sag-348x300.jpg 348w, https:\/\/www.dremelengincakiroglu.com\/wp-content\/uploads\/2024\/05\/anasayfa-hakkimizda-sag-430x371.jpg 430w, https:\/\/www.dremelengincakiroglu.com\/wp-content\/uploads\/2024\/05\/anasayfa-hakkimizda-sag-150x129.jpg 150w\" sizes=\"auto, (max-width: 580px) 100vw, 580px\" \/>\n\t\t\t\t\t<\/div>\n\t\t[\/vc_column][\/vc_row][vc_row][vc_column][vc_column_text css=&#8221;&#8221; woodmart_inline=&#8221;no&#8221; text_larger=&#8221;no&#8221;]International Experience:<\/p>\n<p>Dr. \u00c7ak\u0131ro\u011flu further broadened her horizons by working as a clinical observer at Sydney Dental Hospital in Australia.<\/p>\n<p>Private Practice:<\/p>\n<p>Since 2015, Dr. \u00c7ak\u0131ro\u011flu has been dedicated to providing exceptional orthodontic care to patients at her private practice in Adana.<\/p>\n<p>Professional Affiliations:<\/p>\n<p>Dr. \u00c7ak\u0131ro\u011flu is a valued member of several esteemed orthodontic organizations, including:<\/p>\n<p>American Association of Orthodontists (AAO)<br \/>\nEuropean Orthodontic Society (EOS)<br \/>\nWorld Federation of Orthodontists (WFO)<br \/>\nTurkish Orthodontic Society (TOD)<br \/>\nTurkish Aligner Society (TAD)<br \/>\nAreas of Expertise:<\/p>\n<p>Dr. \u00c7ak\u0131ro\u011flu offers a comprehensive range of orthodontic treatments,<\/p>\n<p>including:<\/p>\n<p>Early intervention orthodontics for children<br \/>\nRemovable orthodontic appliances<br \/>\nTraditional fixed braces<br \/>\nTeeth whitening<br \/>\nOrthognathic surgery (surgical orthodontics) in collaboration with other specialists<br \/>\nLingual orthodontics (braces placed behind the teeth)<br \/>\nClear aligner therapy for a more discreet treatment option[\/vc_column_text][\/vc_column][\/vc_row]<\/p>\n<\/div>","protected":false},"excerpt":{"rendered":"<p>[vc_row css=&#8221;.vc_custom_1629877038080{margin-bottom: 40px !important;}&#8221; mobile_bg_img_hidden=&#8221;no&#8221; tablet_bg_img_hidden=&#8221;no&#8221; woodmart_parallax=&#8221;0&#8243; woodmart_gradient_switch=&#8221;no&#8221; row_reverse_mobile=&#8221;1&#8243; row_reverse_tablet=&#8221;1&#8243; woodmart_disable_overflow=&#8221;0&#8243; wd_z_index=&#8221;no&#8221; woodmart_css_id=&#8221;6125f32826e3d&#8221; responsive_spacing=&#8221;eyJwYXJhbV90eXBlIjoid29vZG1hcnRfcmVzcG9uc2l2ZV9zcGFjaW5nIiwic2VsZWN0b3JfaWQiOiI2MTI1ZjMyODI2ZTNkIiwic2hvcnRjb2RlIjoidmNfcm93IiwiZGF0YSI6eyJ0YWJsZXQiOnt9LCJtb2JpbGUiOnsibWFyZ2luLWJvdHRvbSI6IjIwIn19fQ==&#8221;][vc_column css=&#8221;.vc_custom_1629877010833{margin-bottom: 40px !important;padding-top: 0px !important;}&#8221; mobile_bg_img_hidden=&#8221;no&#8221;<\/p>\n","protected":false},"author":1,"featured_media":0,"parent":0,"menu_order":0,"comment_status":"closed","ping_status":"closed","template":"","meta":{"footnotes":""},"class_list":["post-10772","page","type-page","status-publish","hentry"],"_links":{"self":[{"href":"https:\/\/www.dremelengincakiroglu.com\/en\/wp-json\/wp\/v2\/pages\/10772","targetHints":{"allow":["GET"]}}],"collection":[{"href":"https:\/\/www.dremelengincakiroglu.com\/en\/wp-json\/wp\/v2\/pages"}],"about":[{"href":"https:\/\/www.dremelengincakiroglu.com\/en\/wp-json\/wp\/v2\/types\/page"}],"author":[{"embeddable":true,"href":"https:\/\/www.dremelengincakiroglu.com\/en\/wp-json\/wp\/v2\/users\/1"}],"replies":[{"embeddable":true,"href":"https:\/\/www.dremelengincakiroglu.com\/en\/wp-json\/wp\/v2\/comments?post=10772"}],"version-history":[{"count":3,"href":"https:\/\/www.dremelengincakiroglu.com\/en\/wp-json\/wp\/v2\/pages\/10772\/revisions"}],"predecessor-version":[{"id":10775,"href":"https:\/\/www.dremelengincakiroglu.com\/en\/wp-json\/wp\/v2\/pages\/10772\/revisions\/10775"}],"wp:attachment":[{"href":"https:\/\/www.dremelengincakiroglu.com\/en\/wp-json\/wp\/v2\/media?parent=10772"}],"curies":[{"name":"wp","href":"https:\/\/api.w.org\/{rel}","templated":true}]}}